{"id":175,"date":"2022-02-16T11:33:59","date_gmt":"2022-02-16T11:33:59","guid":{"rendered":"https:\/\/rigodolo.com\/?page_id=175"},"modified":"2022-04-12T08:38:41","modified_gmt":"2022-04-12T08:38:41","slug":"mentions-legales","status":"publish","type":"page","link":"https:\/\/rigodolo.com\/?page_id=175","title":{"rendered":"Mentions L\u00e9gales"},"content":{"rendered":"\n<p><strong>D\u00e9nomination commerciale :<\/strong> Valentin Halgand<\/p>\n\n\n\n<p><strong>Forme juridique :<\/strong> Affaire personnelle commercant<\/p>\n\n\n\n<p><strong>Capital social :<\/strong> N\/A<\/p>\n\n\n\n<p><strong>Si\u00e8ge social :<\/strong> 4 RUE COUREE DES EPHEMERES 85340 LES SABLES D&rsquo;OLONNE<\/p>\n\n\n\n<p><strong>T\u00e9l\u00e9phone :<\/strong> 0634580545<\/p>\n\n\n\n<p><strong>SIREN :<\/strong> 799325949<\/p>\n\n\n\n<p><strong>Numero de RCS :<\/strong> La Roche-sur-Yon A 799&nbsp;325&nbsp;949<\/p>\n\n\n\n<p><strong>H\u00e9bergement :<\/strong> PlanetHoster<\/p>\n","protected":false},"excerpt":{"rendered":"<p>D\u00e9nomination commerciale : Valentin Halgand Forme juridique : Affaire personnelle commercant Capital social : N\/A Si\u00e8ge social : 4 RUE COUREE DES EPHEMERES 85340 LES SABLES D&rsquo;OLONNE T\u00e9l\u00e9phone : 0634580545 SIREN : 799325949 Numero de RCS : La Roche-sur-Yon A 799&nbsp;325&nbsp;949 H\u00e9bergement : PlanetHoster<\/p>\n","protected":false},"author":2,"featured_media":0,"parent":0,"menu_order":0,"comment_status":"closed","ping_status":"closed","template":"","meta":{"footnotes":""},"class_list":["post-175","page","type-page","status-publish","hentry"],"_links":{"self":[{"href":"https:\/\/rigodolo.com\/index.php?rest_route=\/wp\/v2\/pages\/175","targetHints":{"allow":["GET"]}}],"collection":[{"href":"https:\/\/rigodolo.com\/index.php?rest_route=\/wp\/v2\/pages"}],"about":[{"href":"https:\/\/rigodolo.com\/index.php?rest_route=\/wp\/v2\/types\/page"}],"author":[{"embeddable":true,"href":"https:\/\/rigodolo.com\/index.php?rest_route=\/wp\/v2\/users\/2"}],"replies":[{"embeddable":true,"href":"https:\/\/rigodolo.com\/index.php?rest_route=%2Fwp%2Fv2%2Fcomments&post=175"}],"version-history":[{"count":3,"href":"https:\/\/rigodolo.com\/index.php?rest_route=\/wp\/v2\/pages\/175\/revisions"}],"predecessor-version":[{"id":246,"href":"https:\/\/rigodolo.com\/index.php?rest_route=\/wp\/v2\/pages\/175\/revisions\/246"}],"wp:attachment":[{"href":"https:\/\/rigodolo.com\/index.php?rest_route=%2Fwp%2Fv2%2Fmedia&parent=175"}],"curies":[{"name":"wp","href":"https:\/\/api.w.org\/{rel}","templated":true}]}}