{"id":100,"date":"2022-02-15T16:20:52","date_gmt":"2022-02-15T16:20:52","guid":{"rendered":"https:\/\/rigodolo.com\/?post_type=product&#038;p=100"},"modified":"2026-03-31T09:48:20","modified_gmt":"2026-03-31T09:48:20","slug":"stage-enfants","status":"publish","type":"product","link":"https:\/\/rigodolo.com\/?product=stage-enfants","title":{"rendered":"Stage Enfants"},"content":{"rendered":"<p>Le stage enfant de 5 s\u00e9ances de 2h permet \u00e0 vos petits loups de d\u00e9couvrir le surf tranquillement avec des monteurs p\u00e9dagogues. Par des jeux ludiques, ils apprendront \u00e0 prendre des mousses et se redresser sur la planches comme les grands. Les s\u00e9ances se d\u00e9roulent dans des eaux peu profondes garantissant s\u00e9r\u00e9nit\u00e9 et s\u00e9curit\u00e9 des enfants.<\/p>\n","protected":false},"excerpt":{"rendered":"<p>Le stage enfant de 5 s\u00e9ances de 2h permet \u00e0 vos petits loups de d\u00e9couvrir le surf tranquillement avec des monteurs p\u00e9dagogues. Par des jeux ludiques, ils apprendront \u00e0 prendre des mousses et se redresser sur la planches comme les grands. Les s\u00e9ances se d\u00e9roulent dans des eaux peu profondes garantissant s\u00e9r\u00e9nit\u00e9 et s\u00e9curit\u00e9 des [&hellip;]<\/p>\n","protected":false},"featured_media":75,"comment_status":"open","ping_status":"closed","template":"","meta":[],"product_cat":[18],"product_tag":[],"class_list":{"0":"post-100","1":"product","2":"type-product","3":"status-publish","4":"has-post-thumbnail","6":"product_cat-non-classe","8":"first","9":"instock","10":"virtual","11":"purchasable","12":"product-type-simple"},"_links":{"self":[{"href":"https:\/\/rigodolo.com\/index.php?rest_route=\/wp\/v2\/product\/100","targetHints":{"allow":["GET"]}}],"collection":[{"href":"https:\/\/rigodolo.com\/index.php?rest_route=\/wp\/v2\/product"}],"about":[{"href":"https:\/\/rigodolo.com\/index.php?rest_route=\/wp\/v2\/types\/product"}],"replies":[{"embeddable":true,"href":"https:\/\/rigodolo.com\/index.php?rest_route=%2Fwp%2Fv2%2Fcomments&post=100"}],"wp:featuredmedia":[{"embeddable":true,"href":"https:\/\/rigodolo.com\/index.php?rest_route=\/wp\/v2\/media\/75"}],"wp:attachment":[{"href":"https:\/\/rigodolo.com\/index.php?rest_route=%2Fwp%2Fv2%2Fmedia&parent=100"}],"wp:term":[{"taxonomy":"product_cat","embeddable":true,"href":"https:\/\/rigodolo.com\/index.php?rest_route=%2Fwp%2Fv2%2Fproduct_cat&post=100"},{"taxonomy":"product_tag","embeddable":true,"href":"https:\/\/rigodolo.com\/index.php?rest_route=%2Fwp%2Fv2%2Fproduct_tag&post=100"}],"curies":[{"name":"wp","href":"https:\/\/api.w.org\/{rel}","templated":true}]}}