{"id":101,"date":"2022-02-15T16:21:20","date_gmt":"2022-02-15T16:21:20","guid":{"rendered":"https:\/\/rigodolo.com\/?post_type=product&#038;p=101"},"modified":"2026-04-10T04:59:20","modified_gmt":"2026-04-10T04:59:20","slug":"cours-particulier","status":"publish","type":"product","link":"https:\/\/rigodolo.com\/?product=cours-particulier","title":{"rendered":"Cours particulier"},"content":{"rendered":"<p>Les \u00e9l\u00e8ves d\u00e9sirant des conseils ultra personnalis\u00e9s ou surfer \u00e0 l\u2019ombre des regards vont pr\u00e9f\u00e9rer la cours particulier. Le moniteur vous est d\u00e9di\u00e9 et votre marge de progression ne pourra qu\u2019\u00eatre plus grande.<\/p>\n","protected":false},"excerpt":{"rendered":"<p>Les \u00e9l\u00e8ves d\u00e9sirant des conseils ultra personnalis\u00e9s ou surfer \u00e0 l\u2019ombre des regards vont pr\u00e9f\u00e9rer la cours particulier. Le moniteur vous est d\u00e9di\u00e9 et votre marge de progression ne pourra qu\u2019\u00eatre plus grande.<\/p>\n","protected":false},"featured_media":74,"comment_status":"open","ping_status":"closed","template":"","meta":[],"product_cat":[18],"product_tag":[],"class_list":{"0":"post-101","1":"product","2":"type-product","3":"status-publish","4":"has-post-thumbnail","6":"product_cat-non-classe","8":"first","9":"instock","10":"virtual","11":"purchasable","12":"product-type-simple"},"_links":{"self":[{"href":"https:\/\/rigodolo.com\/index.php?rest_route=\/wp\/v2\/product\/101","targetHints":{"allow":["GET"]}}],"collection":[{"href":"https:\/\/rigodolo.com\/index.php?rest_route=\/wp\/v2\/product"}],"about":[{"href":"https:\/\/rigodolo.com\/index.php?rest_route=\/wp\/v2\/types\/product"}],"replies":[{"embeddable":true,"href":"https:\/\/rigodolo.com\/index.php?rest_route=%2Fwp%2Fv2%2Fcomments&post=101"}],"wp:featuredmedia":[{"embeddable":true,"href":"https:\/\/rigodolo.com\/index.php?rest_route=\/wp\/v2\/media\/74"}],"wp:attachment":[{"href":"https:\/\/rigodolo.com\/index.php?rest_route=%2Fwp%2Fv2%2Fmedia&parent=101"}],"wp:term":[{"taxonomy":"product_cat","embeddable":true,"href":"https:\/\/rigodolo.com\/index.php?rest_route=%2Fwp%2Fv2%2Fproduct_cat&post=101"},{"taxonomy":"product_tag","embeddable":true,"href":"https:\/\/rigodolo.com\/index.php?rest_route=%2Fwp%2Fv2%2Fproduct_tag&post=101"}],"curies":[{"name":"wp","href":"https:\/\/api.w.org\/{rel}","templated":true}]}}