{"id":103,"date":"2022-02-15T16:22:16","date_gmt":"2022-02-15T16:22:16","guid":{"rendered":"https:\/\/rigodolo.com\/?post_type=product&#038;p=103"},"modified":"2026-03-31T09:48:46","modified_gmt":"2026-03-31T09:48:46","slug":"tarifs-de-groupe","status":"publish","type":"product","link":"https:\/\/rigodolo.com\/?product=tarifs-de-groupe","title":{"rendered":"Planche de surf"},"content":{"rendered":"<p>Gr\u00e2ce \u00e0 des prix attractifs, des planches sur-mesures et une belle infrastructure, nous pouvons proposer diff\u00e9rents models en fonction de vos souhaits pour vous proposer une exp\u00e9rience unique dans les vagues.<\/p>\n","protected":false},"excerpt":{"rendered":"<p>Gr\u00e2ce \u00e0 des prix attractifs, des planches sur-mesures et une belle infrastructure, nous pouvons proposer diff\u00e9rents models en fonction de vos souhaits pour vous proposer une exp\u00e9rience unique dans les vagues.<\/p>\n","protected":false},"featured_media":206,"comment_status":"open","ping_status":"closed","template":"","meta":[],"product_cat":[18],"product_tag":[],"class_list":{"0":"post-103","1":"product","2":"type-product","3":"status-publish","4":"has-post-thumbnail","6":"product_cat-non-classe","8":"first","9":"instock","10":"virtual","11":"purchasable","12":"product-type-simple"},"_links":{"self":[{"href":"https:\/\/rigodolo.com\/index.php?rest_route=\/wp\/v2\/product\/103","targetHints":{"allow":["GET"]}}],"collection":[{"href":"https:\/\/rigodolo.com\/index.php?rest_route=\/wp\/v2\/product"}],"about":[{"href":"https:\/\/rigodolo.com\/index.php?rest_route=\/wp\/v2\/types\/product"}],"replies":[{"embeddable":true,"href":"https:\/\/rigodolo.com\/index.php?rest_route=%2Fwp%2Fv2%2Fcomments&post=103"}],"wp:featuredmedia":[{"embeddable":true,"href":"https:\/\/rigodolo.com\/index.php?rest_route=\/wp\/v2\/media\/206"}],"wp:attachment":[{"href":"https:\/\/rigodolo.com\/index.php?rest_route=%2Fwp%2Fv2%2Fmedia&parent=103"}],"wp:term":[{"taxonomy":"product_cat","embeddable":true,"href":"https:\/\/rigodolo.com\/index.php?rest_route=%2Fwp%2Fv2%2Fproduct_cat&post=103"},{"taxonomy":"product_tag","embeddable":true,"href":"https:\/\/rigodolo.com\/index.php?rest_route=%2Fwp%2Fv2%2Fproduct_tag&post=103"}],"curies":[{"name":"wp","href":"https:\/\/api.w.org\/{rel}","templated":true}]}}